{"id":290307,"date":"2025-02-20T21:38:22","date_gmt":"2025-02-20T19:38:22","guid":{"rendered":"http:\/\/ovt-eshop.gr\/product\/tom-klark-dessert-10-60ml-flavorshot\/"},"modified":"2026-02-08T19:41:52","modified_gmt":"2026-02-08T17:41:52","slug":"tom-klark-dessert-10-60ml-flavorshot","status":"publish","type":"product","link":"https:\/\/ovt-eshop.gr\/en\/product\/tom-klark-dessert-10-60ml-flavorshot\/","title":{"rendered":"Tom Klark Dessert 10\/60ml flavorshot"},"content":{"rendered":"<p id=\"tw-target-text\" class=\"tw-data-text tw-text-large tw-ta\" dir=\"ltr\" data-placeholder=\"\u039c\u03b5\u03c4\u03ac\u03c6\u03c1\u03b1\u03c3\u03b7\" data-ved=\"2ahUKEwj40ZrSu9eLAxVoSfEDHbsKFkMQ3ewLegQIBxAV\" aria-label=\"\u039c\u03b5\u03c4\u03b1\u03c6\u03c1\u03b1\u03c3\u03bc\u03ad\u03bd\u03bf \u03ba\u03b5\u03af\u03bc\u03b5\u03bd\u03bf: Dessert: Chocolate cake, pastry cream, tiramisu, ice cream, candied fruit, cr\u00e8me br\u00fbl\u00e9e and cappuccino.\"><strong><span class=\"Y2IQFc\" lang=\"en\">Dessert: Chocolate cake, pastry cream, tiramisu, ice cream, candied fruit, cr\u00e8me br\u00fbl\u00e9e and cappuccino.<\/span><\/strong><\/p>\n","protected":false},"excerpt":{"rendered":"<p id=\"tw-target-text\" class=\"tw-data-text tw-text-large tw-ta\" dir=\"ltr\" data-placeholder=\"\u039c\u03b5\u03c4\u03ac\u03c6\u03c1\u03b1\u03c3\u03b7\" data-ved=\"2ahUKEwj40ZrSu9eLAxVoSfEDHbsKFkMQ3ewLegQIBxAV\" aria-label=\"\u039c\u03b5\u03c4\u03b1\u03c6\u03c1\u03b1\u03c3\u03bc\u03ad\u03bd\u03bf \u03ba\u03b5\u03af\u03bc\u03b5\u03bd\u03bf: Dessert: Chocolate cake, pastry cream, tiramisu, ice cream, candied fruit, cr\u00e8me br\u00fbl\u00e9e and cappuccino.\"><strong><span class=\"Y2IQFc\" lang=\"en\">Dessert: Chocolate cake, pastry cream, tiramisu, ice cream, candied fruit, cr\u00e8me br\u00fbl\u00e9e and cappuccino.<\/span><\/strong><\/p>\n","protected":false},"featured_media":290209,"comment_status":"open","ping_status":"closed","template":"","meta":{"_et_pb_use_builder":"","_et_pb_old_content":"","_et_gb_content_width":"","wds_primary_product_brand":0,"wds_primary_product_cat":0,"wds_primary_berocket_brand":0},"product_brand":[],"product_cat":[167,166],"product_tag":[],"berocket_brand":[362],"class_list":{"0":"post-290307","1":"product","2":"type-product","3":"status-publish","4":"has-post-thumbnail","6":"product_cat-flavor-shots-60ml-en","7":"product_cat-desserts-en-2","8":"berocket_brand-tom-klark-en","10":"first","11":"instock","12":"taxable","13":"shipping-taxable","14":"purchasable","15":"product-type-simple"},"aioseo_notices":[],"_links":{"self":[{"href":"https:\/\/ovt-eshop.gr\/en\/wp-json\/wp\/v2\/product\/290307","targetHints":{"allow":["GET"]}}],"collection":[{"href":"https:\/\/ovt-eshop.gr\/en\/wp-json\/wp\/v2\/product"}],"about":[{"href":"https:\/\/ovt-eshop.gr\/en\/wp-json\/wp\/v2\/types\/product"}],"replies":[{"embeddable":true,"href":"https:\/\/ovt-eshop.gr\/en\/wp-json\/wp\/v2\/comments?post=290307"}],"wp:featuredmedia":[{"embeddable":true,"href":"https:\/\/ovt-eshop.gr\/en\/wp-json\/wp\/v2\/media\/290209"}],"wp:attachment":[{"href":"https:\/\/ovt-eshop.gr\/en\/wp-json\/wp\/v2\/media?parent=290307"}],"wp:term":[{"taxonomy":"product_brand","embeddable":true,"href":"https:\/\/ovt-eshop.gr\/en\/wp-json\/wp\/v2\/product_brand?post=290307"},{"taxonomy":"product_cat","embeddable":true,"href":"https:\/\/ovt-eshop.gr\/en\/wp-json\/wp\/v2\/product_cat?post=290307"},{"taxonomy":"product_tag","embeddable":true,"href":"https:\/\/ovt-eshop.gr\/en\/wp-json\/wp\/v2\/product_tag?post=290307"},{"taxonomy":"berocket_brand","embeddable":true,"href":"https:\/\/ovt-eshop.gr\/en\/wp-json\/wp\/v2\/berocket_brand?post=290307"}],"curies":[{"name":"wp","href":"https:\/\/api.w.org\/{rel}","templated":true}]}}